{"id":334,"date":"2025-09-01T21:53:03","date_gmt":"2025-09-01T19:53:03","guid":{"rendered":"https:\/\/nomadmarruecos.com\/?page_id=334"},"modified":"2025-09-01T21:54:54","modified_gmt":"2025-09-01T19:54:54","slug":"circuito-raices-de-marruecos-2","status":"publish","type":"page","link":"https:\/\/nomadmarruecos.com\/index.php\/circuito-raices-de-marruecos-2\/","title":{"rendered":"Circuito Ra\u00edces de Marruecos"},"content":{"rendered":"\n<p><strong>T\u00e1nger \u2013 Fez \u2013 Merzouga \u2013 Marrakech<\/strong><br>9 d\u00edas \/ 8 noches<\/p>\n\n\n\n<p>Este circuito es una aventura de norte a sur que atraviesa la diversidad geogr\u00e1fica y cultural de Marruecos. Comenzamos en <strong>T\u00e1nger<\/strong>, la puerta atl\u00e1ntica, y bajamos hacia <strong>Tetu\u00e1n<\/strong> y la encantadora <strong>Chefchaouen<\/strong>, la ciudad azul del Rif.<\/p>\n\n\n\n<p>Pasamos por las ruinas romanas de <strong>Volubilis<\/strong>, conectamos con la espiritualidad de <strong>Fez<\/strong>, y cruzamos las monta\u00f1as del Medio Atlas hasta llegar al coraz\u00f3n del <strong>Sahara<\/strong> en <strong>Merzouga<\/strong>, donde nos espera una traves\u00eda en dromedario y una noche bajo las estrellas.<\/p>\n\n\n\n<p>De all\u00ed, seguimos por las <strong>Gargantas del Todra<\/strong>, el <strong>Valle de las Rosas<\/strong>, la cinematogr\u00e1fica <strong>Ait Ben Haddou<\/strong>, y finalmente llegamos a la vibrante <strong>Marrakech<\/strong>, con tiempo para perdernos por su medina, zocos, jardines y plazas.<\/p>\n\n\n\n<p>Una experiencia \u00fanica que condensa lo mejor de Marruecos: sus colores, su historia, su arte y su alma.<\/p>\n\n\n\n<div class=\"wp-block-jetpack-tiled-gallery aligncenter is-style-rectangular\"><div class=\"\"><div class=\"tiled-gallery__gallery\"><div class=\"tiled-gallery__row\"><div class=\"tiled-gallery__col\" style=\"flex-basis:46.97670%\"><figure class=\"tiled-gallery__item\"><img decoding=\"async\" srcset=\"https:\/\/i0.wp.com\/nomadmarruecos.com\/wp-content\/uploads\/2025\/09\/WhatsApp-Image-2025-08-10-at-19.20.47-3-1024x768.jpeg?strip=info&#038;w=600&#038;ssl=1 600w,https:\/\/i0.wp.com\/nomadmarruecos.com\/wp-content\/uploads\/2025\/09\/WhatsApp-Image-2025-08-10-at-19.20.47-3-1024x768.jpeg?strip=info&#038;w=900&#038;ssl=1 900w,https:\/\/i0.wp.com\/nomadmarruecos.com\/wp-content\/uploads\/2025\/09\/WhatsApp-Image-2025-08-10-at-19.20.47-3-1024x768.jpeg?strip=info&#038;w=1200&#038;ssl=1 1200w,https:\/\/i0.wp.com\/nomadmarruecos.com\/wp-content\/uploads\/2025\/09\/WhatsApp-Image-2025-08-10-at-19.20.47-3-1024x768.jpeg?strip=info&#038;w=1500&#038;ssl=1 1500w,https:\/\/i0.wp.com\/nomadmarruecos.com\/wp-content\/uploads\/2025\/09\/WhatsApp-Image-2025-08-10-at-19.20.47-3-1024x768.jpeg?strip=info&#038;w=1800&#038;ssl=1 1800w,https:\/\/i0.wp.com\/nomadmarruecos.com\/wp-content\/uploads\/2025\/09\/WhatsApp-Image-2025-08-10-at-19.20.47-3-1024x768.jpeg?strip=info&#038;w=2000&#038;ssl=1 2000w\" alt=\"\" data-height=\"1536\" data-id=\"336\" data-link=\"https:\/\/nomadmarruecos.com\/?attachment_id=336\" data-url=\"https:\/\/nomadmarruecos.com\/wp-content\/uploads\/2025\/09\/WhatsApp-Image-2025-08-10-at-19.20.47-3-1024x768.jpeg\" data-width=\"2048\" src=\"https:\/\/i0.wp.com\/nomadmarruecos.com\/wp-content\/uploads\/2025\/09\/WhatsApp-Image-2025-08-10-at-19.20.47-3-1024x768.jpeg?ssl=1\" data-amp-layout=\"responsive\"\/><\/figure><figure class=\"tiled-gallery__item\"><img decoding=\"async\" srcset=\"https:\/\/i0.wp.com\/nomadmarruecos.com\/wp-content\/uploads\/2025\/09\/b72daa1f-4851-4590-b9fd-91f34e2c7610-1024x768.jpg?strip=info&#038;w=600&#038;ssl=1 600w,https:\/\/i0.wp.com\/nomadmarruecos.com\/wp-content\/uploads\/2025\/09\/b72daa1f-4851-4590-b9fd-91f34e2c7610-1024x768.jpg?strip=info&#038;w=900&#038;ssl=1 900w,https:\/\/i0.wp.com\/nomadmarruecos.com\/wp-content\/uploads\/2025\/09\/b72daa1f-4851-4590-b9fd-91f34e2c7610-1024x768.jpg?strip=info&#038;w=1200&#038;ssl=1 1200w,https:\/\/i0.wp.com\/nomadmarruecos.com\/wp-content\/uploads\/2025\/09\/b72daa1f-4851-4590-b9fd-91f34e2c7610-1024x768.jpg?strip=info&#038;w=1500&#038;ssl=1 1500w,https:\/\/i0.wp.com\/nomadmarruecos.com\/wp-content\/uploads\/2025\/09\/b72daa1f-4851-4590-b9fd-91f34e2c7610-1024x768.jpg?strip=info&#038;w=1600&#038;ssl=1 1600w\" alt=\"\" data-height=\"1200\" data-id=\"338\" data-link=\"https:\/\/nomadmarruecos.com\/?attachment_id=338\" data-url=\"https:\/\/nomadmarruecos.com\/wp-content\/uploads\/2025\/09\/b72daa1f-4851-4590-b9fd-91f34e2c7610-1024x768.jpg\" data-width=\"1600\" src=\"https:\/\/i0.wp.com\/nomadmarruecos.com\/wp-content\/uploads\/2025\/09\/b72daa1f-4851-4590-b9fd-91f34e2c7610-1024x768.jpg?ssl=1\" data-amp-layout=\"responsive\"\/><\/figure><\/div><div class=\"tiled-gallery__col\" style=\"flex-basis:53.02330%\"><figure class=\"tiled-gallery__item\"><img decoding=\"async\" srcset=\"https:\/\/i0.wp.com\/nomadmarruecos.com\/wp-content\/uploads\/2025\/09\/IMG_20230528_145355-1-768x1024.jpg?strip=info&#038;w=600&#038;ssl=1 600w,https:\/\/i0.wp.com\/nomadmarruecos.com\/wp-content\/uploads\/2025\/09\/IMG_20230528_145355-1-768x1024.jpg?strip=info&#038;w=900&#038;ssl=1 900w,https:\/\/i0.wp.com\/nomadmarruecos.com\/wp-content\/uploads\/2025\/09\/IMG_20230528_145355-1-768x1024.jpg?strip=info&#038;w=1200&#038;ssl=1 1200w,https:\/\/i0.wp.com\/nomadmarruecos.com\/wp-content\/uploads\/2025\/09\/IMG_20230528_145355-1-768x1024.jpg?strip=info&#038;w=1500&#038;ssl=1 1500w,https:\/\/i0.wp.com\/nomadmarruecos.com\/wp-content\/uploads\/2025\/09\/IMG_20230528_145355-1-768x1024.jpg?strip=info&#038;w=1800&#038;ssl=1 1800w,https:\/\/i0.wp.com\/nomadmarruecos.com\/wp-content\/uploads\/2025\/09\/IMG_20230528_145355-1-768x1024.jpg?strip=info&#038;w=1920&#038;ssl=1 1920w\" alt=\"\" data-height=\"2560\" data-id=\"340\" data-link=\"https:\/\/nomadmarruecos.com\/?attachment_id=340\" data-url=\"https:\/\/nomadmarruecos.com\/wp-content\/uploads\/2025\/09\/IMG_20230528_145355-1-768x1024.jpg\" data-width=\"1920\" src=\"https:\/\/i0.wp.com\/nomadmarruecos.com\/wp-content\/uploads\/2025\/09\/IMG_20230528_145355-1-768x1024.jpg?ssl=1\" data-amp-layout=\"responsive\"\/><\/figure><\/div><\/div><div class=\"tiled-gallery__row\"><div class=\"tiled-gallery__col\" style=\"flex-basis:16.58310%\"><figure class=\"tiled-gallery__item\"><img decoding=\"async\" srcset=\"https:\/\/i0.wp.com\/nomadmarruecos.com\/wp-content\/uploads\/2025\/09\/WhatsApp-Image-2025-09-01-at-18.56.36-576x1024.jpeg?strip=info&#038;w=600&#038;ssl=1 600w,https:\/\/i0.wp.com\/nomadmarruecos.com\/wp-content\/uploads\/2025\/09\/WhatsApp-Image-2025-09-01-at-18.56.36-576x1024.jpeg?strip=info&#038;w=900&#038;ssl=1 900w,https:\/\/i0.wp.com\/nomadmarruecos.com\/wp-content\/uploads\/2025\/09\/WhatsApp-Image-2025-09-01-at-18.56.36-576x1024.jpeg?strip=info&#038;w=1152&#038;ssl=1 1152w\" alt=\"\" data-height=\"2048\" data-id=\"339\" data-link=\"https:\/\/nomadmarruecos.com\/?attachment_id=339\" data-url=\"https:\/\/nomadmarruecos.com\/wp-content\/uploads\/2025\/09\/WhatsApp-Image-2025-09-01-at-18.56.36-576x1024.jpeg\" data-width=\"1152\" src=\"https:\/\/i0.wp.com\/nomadmarruecos.com\/wp-content\/uploads\/2025\/09\/WhatsApp-Image-2025-09-01-at-18.56.36-576x1024.jpeg?ssl=1\" data-amp-layout=\"responsive\"\/><\/figure><\/div><div class=\"tiled-gallery__col\" style=\"flex-basis:39.23221%\"><figure class=\"tiled-gallery__item\"><img decoding=\"async\" srcset=\"https:\/\/i0.wp.com\/nomadmarruecos.com\/wp-content\/uploads\/2025\/08\/whatsapp-image-2024-11-18-at-19.53.59-4-1024x768.jpeg?strip=info&#038;w=600&#038;ssl=1 600w,https:\/\/i0.wp.com\/nomadmarruecos.com\/wp-content\/uploads\/2025\/08\/whatsapp-image-2024-11-18-at-19.53.59-4-1024x768.jpeg?strip=info&#038;w=900&#038;ssl=1 900w,https:\/\/i0.wp.com\/nomadmarruecos.com\/wp-content\/uploads\/2025\/08\/whatsapp-image-2024-11-18-at-19.53.59-4-1024x768.jpeg?strip=info&#038;w=1080&#038;ssl=1 1080w\" alt=\"\" data-height=\"810\" data-id=\"61\" data-link=\"https:\/\/nomadmarruecos.com\/index.php\/1-2\/whatsapp-image-2024-11-18-at-19-53-59-4\/\" data-url=\"https:\/\/nomadmarruecos.com\/wp-content\/uploads\/2025\/08\/whatsapp-image-2024-11-18-at-19.53.59-4-1024x768.jpeg\" data-width=\"1080\" src=\"https:\/\/i0.wp.com\/nomadmarruecos.com\/wp-content\/uploads\/2025\/08\/whatsapp-image-2024-11-18-at-19.53.59-4-1024x768.jpeg?ssl=1\" data-amp-layout=\"responsive\"\/><\/figure><\/div><div class=\"tiled-gallery__col\" style=\"flex-basis:22.09234%\"><figure class=\"tiled-gallery__item\"><img decoding=\"async\" srcset=\"https:\/\/i0.wp.com\/nomadmarruecos.com\/wp-content\/uploads\/2025\/09\/IMG_20240921_174547-768x1024.jpg?strip=info&#038;w=600&#038;ssl=1 600w,https:\/\/i0.wp.com\/nomadmarruecos.com\/wp-content\/uploads\/2025\/09\/IMG_20240921_174547-768x1024.jpg?strip=info&#038;w=900&#038;ssl=1 900w,https:\/\/i0.wp.com\/nomadmarruecos.com\/wp-content\/uploads\/2025\/09\/IMG_20240921_174547-768x1024.jpg?strip=info&#038;w=1200&#038;ssl=1 1200w,https:\/\/i0.wp.com\/nomadmarruecos.com\/wp-content\/uploads\/2025\/09\/IMG_20240921_174547-768x1024.jpg?strip=info&#038;w=1500&#038;ssl=1 1500w,https:\/\/i0.wp.com\/nomadmarruecos.com\/wp-content\/uploads\/2025\/09\/IMG_20240921_174547-768x1024.jpg?strip=info&#038;w=1800&#038;ssl=1 1800w,https:\/\/i0.wp.com\/nomadmarruecos.com\/wp-content\/uploads\/2025\/09\/IMG_20240921_174547-768x1024.jpg?strip=info&#038;w=1920&#038;ssl=1 1920w\" alt=\"\" data-height=\"2560\" data-id=\"302\" data-link=\"https:\/\/nomadmarruecos.com\/index.php\/circuito-colores-de-marruecos-3\/img_20240921_174547\/\" data-url=\"https:\/\/nomadmarruecos.com\/wp-content\/uploads\/2025\/09\/IMG_20240921_174547-768x1024.jpg\" data-width=\"1920\" src=\"https:\/\/i0.wp.com\/nomadmarruecos.com\/wp-content\/uploads\/2025\/09\/IMG_20240921_174547-768x1024.jpg?ssl=1\" data-amp-layout=\"responsive\"\/><\/figure><\/div><div class=\"tiled-gallery__col\" style=\"flex-basis:22.09234%\"><figure class=\"tiled-gallery__item\"><img decoding=\"async\" srcset=\"https:\/\/i0.wp.com\/nomadmarruecos.com\/wp-content\/uploads\/2025\/08\/whatsapp-image-2024-11-21-at-14.51.22-4-1-768x1024.jpeg?strip=info&#038;w=600&#038;ssl=1 600w,https:\/\/i0.wp.com\/nomadmarruecos.com\/wp-content\/uploads\/2025\/08\/whatsapp-image-2024-11-21-at-14.51.22-4-1-768x1024.jpeg?strip=info&#038;w=900&#038;ssl=1 900w,https:\/\/i0.wp.com\/nomadmarruecos.com\/wp-content\/uploads\/2025\/08\/whatsapp-image-2024-11-21-at-14.51.22-4-1-768x1024.jpeg?strip=info&#038;w=1200&#038;ssl=1 1200w\" alt=\"\" data-height=\"1600\" data-id=\"74\" data-link=\"https:\/\/nomadmarruecos.com\/whatsapp-image-2024-11-21-at-14-51-22-4-2\/\" data-url=\"https:\/\/nomadmarruecos.com\/wp-content\/uploads\/2025\/08\/whatsapp-image-2024-11-21-at-14.51.22-4-1-768x1024.jpeg\" data-width=\"1200\" src=\"https:\/\/i0.wp.com\/nomadmarruecos.com\/wp-content\/uploads\/2025\/08\/whatsapp-image-2024-11-21-at-14.51.22-4-1-768x1024.jpeg?ssl=1\" data-amp-layout=\"responsive\"\/><\/figure><\/div><\/div><div class=\"tiled-gallery__row\"><div class=\"tiled-gallery__col\" style=\"flex-basis:63.90933%\"><figure class=\"tiled-gallery__item\"><img decoding=\"async\" srcset=\"https:\/\/i0.wp.com\/nomadmarruecos.com\/wp-content\/uploads\/2025\/08\/whatsapp-image-2024-11-18-at-19.53.57-1-1-1024x768.jpeg?strip=info&#038;w=600&#038;ssl=1 600w,https:\/\/i0.wp.com\/nomadmarruecos.com\/wp-content\/uploads\/2025\/08\/whatsapp-image-2024-11-18-at-19.53.57-1-1-1024x768.jpeg?strip=info&#038;w=900&#038;ssl=1 900w,https:\/\/i0.wp.com\/nomadmarruecos.com\/wp-content\/uploads\/2025\/08\/whatsapp-image-2024-11-18-at-19.53.57-1-1-1024x768.jpeg?strip=info&#038;w=1152&#038;ssl=1 1152w\" alt=\"\" data-height=\"864\" data-id=\"46\" data-link=\"https:\/\/nomadmarruecos.com\/index.php\/1-2\/whatsapp-image-2024-11-18-at-19-53-57-1-2\/\" data-url=\"https:\/\/nomadmarruecos.com\/wp-content\/uploads\/2025\/08\/whatsapp-image-2024-11-18-at-19.53.57-1-1-1024x768.jpeg\" data-width=\"1152\" src=\"https:\/\/i0.wp.com\/nomadmarruecos.com\/wp-content\/uploads\/2025\/08\/whatsapp-image-2024-11-18-at-19.53.57-1-1-1024x768.jpeg?ssl=1\" data-amp-layout=\"responsive\"\/><\/figure><\/div><div class=\"tiled-gallery__col\" style=\"flex-basis:36.09067%\"><figure class=\"tiled-gallery__item\"><img decoding=\"async\" srcset=\"https:\/\/i0.wp.com\/nomadmarruecos.com\/wp-content\/uploads\/2025\/08\/whatsapp-image-2024-11-18-at-19.53.59-3-1-770x1024.jpeg?strip=info&#038;w=600&#038;ssl=1 600w,https:\/\/i0.wp.com\/nomadmarruecos.com\/wp-content\/uploads\/2025\/08\/whatsapp-image-2024-11-18-at-19.53.59-3-1-770x1024.jpeg?strip=info&#038;w=900&#038;ssl=1 900w,https:\/\/i0.wp.com\/nomadmarruecos.com\/wp-content\/uploads\/2025\/08\/whatsapp-image-2024-11-18-at-19.53.59-3-1-770x1024.jpeg?strip=info&#038;w=963&#038;ssl=1 963w\" alt=\"\" data-height=\"1280\" data-id=\"59\" data-link=\"https:\/\/nomadmarruecos.com\/index.php\/1-2\/whatsapp-image-2024-11-18-at-19-53-59-3-2\/\" data-url=\"https:\/\/nomadmarruecos.com\/wp-content\/uploads\/2025\/08\/whatsapp-image-2024-11-18-at-19.53.59-3-1-770x1024.jpeg\" data-width=\"963\" src=\"https:\/\/i0.wp.com\/nomadmarruecos.com\/wp-content\/uploads\/2025\/08\/whatsapp-image-2024-11-18-at-19.53.59-3-1-770x1024.jpeg?ssl=1\" data-amp-layout=\"responsive\"\/><\/figure><\/div><\/div><\/div><\/div><\/div>\n\n\n\n<div data-wp-interactive=\"core\/file\" class=\"wp-block-file\"><object data-wp-bind--hidden=\"!state.hasPdfPreview\" hidden class=\"wp-block-file__embed\" data=\"https:\/\/nomadmarruecos.com\/wp-content\/uploads\/2025\/09\/ESP-Itinerario-Tanger-Marrakech-9-dias8noches.pdf\" type=\"application\/pdf\" style=\"width:100%;height:600px\" aria-label=\"Incrustado de Circuito Ra\u00edces de Marruecos.\"><\/object><a id=\"wp-block-file--media-d3a859db-890d-4ce2-b691-a3150ad25b4c\" href=\"https:\/\/nomadmarruecos.com\/wp-content\/uploads\/2025\/09\/ESP-Itinerario-Tanger-Marrakech-9-dias8noches.pdf\">Circuito Ra\u00edces de Marruecos<\/a><a href=\"https:\/\/nomadmarruecos.com\/wp-content\/uploads\/2025\/09\/ESP-Itinerario-Tanger-Marrakech-9-dias8noches.pdf\" class=\"wp-block-file__button wp-element-button\" download aria-describedby=\"wp-block-file--media-d3a859db-890d-4ce2-b691-a3150ad25b4c\">Descarga<\/a><\/div>\n","protected":false},"excerpt":{"rendered":"<p>T\u00e1nger \u2013 Fez \u2013 Merzouga \u2013 Marrakech9 d\u00edas \/ 8 noches Este circuito es una aventura de norte a sur que atraviesa la diversidad geogr\u00e1fica y cultural de Marruecos. Comenzamos en T\u00e1nger, la puerta atl\u00e1ntica, y bajamos hacia Tetu\u00e1n y la encantadora Chefchaouen, la ciudad azul del Rif. Pasamos por las ruinas romanas de Volubilis, [&hellip;]<\/p>\n","protected":false},"author":1,"featured_media":0,"parent":0,"menu_order":0,"comment_status":"closed","ping_status":"closed","template":"","meta":{"footnotes":""},"class_list":["post-334","page","type-page","status-publish","hentry"],"jetpack_sharing_enabled":true,"_links":{"self":[{"href":"https:\/\/nomadmarruecos.com\/index.php\/wp-json\/wp\/v2\/pages\/334","targetHints":{"allow":["GET"]}}],"collection":[{"href":"https:\/\/nomadmarruecos.com\/index.php\/wp-json\/wp\/v2\/pages"}],"about":[{"href":"https:\/\/nomadmarruecos.com\/index.php\/wp-json\/wp\/v2\/types\/page"}],"author":[{"embeddable":true,"href":"https:\/\/nomadmarruecos.com\/index.php\/wp-json\/wp\/v2\/users\/1"}],"replies":[{"embeddable":true,"href":"https:\/\/nomadmarruecos.com\/index.php\/wp-json\/wp\/v2\/comments?post=334"}],"version-history":[{"count":2,"href":"https:\/\/nomadmarruecos.com\/index.php\/wp-json\/wp\/v2\/pages\/334\/revisions"}],"predecessor-version":[{"id":345,"href":"https:\/\/nomadmarruecos.com\/index.php\/wp-json\/wp\/v2\/pages\/334\/revisions\/345"}],"wp:attachment":[{"href":"https:\/\/nomadmarruecos.com\/index.php\/wp-json\/wp\/v2\/media?parent=334"}],"curies":[{"name":"wp","href":"https:\/\/api.w.org\/{rel}","templated":true}]}}